{"id":1217,"date":"2023-02-01T23:08:12","date_gmt":"2023-02-01T22:08:12","guid":{"rendered":"https:\/\/artgerecht-weissenburg.de\/?page_id=1217"},"modified":"2024-11-26T19:01:00","modified_gmt":"2024-11-26T18:01:00","slug":"willkommen","status":"publish","type":"page","link":"https:\/\/artgerecht-weissenburg.de\/","title":{"rendered":"Willkommen!"},"content":{"rendered":"\n<p>Herzlich willkommen auf unserem Reit- und Therapiehof artgerecht in Haardt bei Wei\u00dfenburg. Auf unserem Hof bieten wir mit der <a href=\"https:\/\/schulbegleitung-fruehfoerderung-familienhilfe.de\/\">Heilp\u00e4dagogische F\u00f6rderung<\/a> am Pferd, sowie einem <a href=\"https:\/\/artgerecht-weissenburg.de\/?page_id=1220\">Ponybesuchsdienst<\/a> verschiedenste Projekte rund ums Pferd an.<\/p>\n\n\n\n<p>Machen Sie sich gerne ein Bild von unserem Angebot.<\/p>\n\n\n\n<p>Wir freuen uns \u00fcber Ihren Anruf oder Ihre E-Mail. Dann besprechen wir Ihr Anliegen und erstellen Ihnen ein individuelles Angebot.<\/p>\n\n\n\n<p>Ihre Sandra W\u00e4gemann mit Team<\/p>\n\n\n<div class=\"wp-block-image\">\n<figure class=\"aligncenter size-large\"><img decoding=\"async\" src=\"http:\/\/artgerecht-weissenburg.de\/wp-content\/uploads\/2022\/08\/SWaegemann-1024x1024.png\" alt=\"\" class=\"wp-image-1083\"\/><figcaption class=\"wp-element-caption\"><strong>Hanna Laura M\u00fcller<\/strong><br>Design &amp; Illustration<br><a href=\"mailto:design@hannaviktualia.de\" target=\"_blank\" rel=\"noreferrer noopener\">design@hannaviktualia.de<\/a><br><a href=\"http:\/\/www.hannaviktualia.de\/\" target=\"_blank\" rel=\"noreferrer noopener\">www.hannaviktualia.de<\/a><\/figcaption><\/figure>\n<\/div>","protected":false},"excerpt":{"rendered":"<p>Herzlich willkommen auf unserem Reit- und Therapiehof artgerecht in Haardt bei Wei\u00dfenburg. Auf unserem Hof bieten wir mit der Heilp\u00e4dagogische F\u00f6rderung am Pferd, sowie einem Ponybesuchsdienst verschiedenste Projekte rund ums Pferd an. Machen Sie sich gerne ein Bild von unserem Angebot. Wir freuen uns \u00fcber Ihren Anruf oder Ihre E-Mail. Dann besprechen wir Ihr Anliegen &hellip; <\/p>\n<p class=\"link-more\"><a href=\"https:\/\/artgerecht-weissenburg.de\/\" class=\"more-link\"><span class=\"screen-reader-text\">\u201eWillkommen!\u201c<\/span> weiterlesen<\/a><\/p>\n","protected":false},"author":1,"featured_media":0,"parent":0,"menu_order":0,"comment_status":"closed","ping_status":"closed","template":"","meta":{"footnotes":""},"class_list":["post-1217","page","type-page","status-publish","hentry"],"_links":{"self":[{"href":"https:\/\/artgerecht-weissenburg.de\/index.php?rest_route=\/wp\/v2\/pages\/1217","targetHints":{"allow":["GET"]}}],"collection":[{"href":"https:\/\/artgerecht-weissenburg.de\/index.php?rest_route=\/wp\/v2\/pages"}],"about":[{"href":"https:\/\/artgerecht-weissenburg.de\/index.php?rest_route=\/wp\/v2\/types\/page"}],"author":[{"embeddable":true,"href":"https:\/\/artgerecht-weissenburg.de\/index.php?rest_route=\/wp\/v2\/users\/1"}],"replies":[{"embeddable":true,"href":"https:\/\/artgerecht-weissenburg.de\/index.php?rest_route=%2Fwp%2Fv2%2Fcomments&post=1217"}],"version-history":[{"count":5,"href":"https:\/\/artgerecht-weissenburg.de\/index.php?rest_route=\/wp\/v2\/pages\/1217\/revisions"}],"predecessor-version":[{"id":1323,"href":"https:\/\/artgerecht-weissenburg.de\/index.php?rest_route=\/wp\/v2\/pages\/1217\/revisions\/1323"}],"wp:attachment":[{"href":"https:\/\/artgerecht-weissenburg.de\/index.php?rest_route=%2Fwp%2Fv2%2Fmedia&parent=1217"}],"curies":[{"name":"wp","href":"https:\/\/api.w.org\/{rel}","templated":true}]}}